{"id":929,"date":"2021-02-22T15:03:27","date_gmt":"2021-02-22T14:03:27","guid":{"rendered":"https:\/\/wprod.dev\/kermonycapital\/mentions-legales\/"},"modified":"2021-04-23T15:17:39","modified_gmt":"2021-04-23T13:17:39","slug":"legal-mentions","status":"publish","type":"page","link":"https:\/\/kermony-capital.com\/en\/legal-mentions\/","title":{"rendered":"Legal mentions"},"content":{"rendered":"<h2>1 &#8211; Propri\u00e9t\u00e9 et responsabilit\u00e9 \u00e9ditoriale<\/h2>\n<p>Le pr\u00e9sent Site est la propri\u00e9t\u00e9 de la soci\u00e9t\u00e9 KERMONY CAPITAL, SAS au capital de 15 000 \u20ac, inscrite au registre du commerce et des soci\u00e9t\u00e9s de Paris sous le num\u00e9ro 879\u00a0907\u00a0103.<br \/>\nSi\u00e8ge social : 24 avenue Bugeaud 75116 PARIS \u2013 Tel : 01 46 22 55 55.<br \/>\nResponsable de publication : Michael SFEZ<br \/>\nResponsable \u00e9ditorial : Michael SFEZ \u2013 <a href=\"mailto:contact@kermony-capital.com\">contact@kermony-capital.com<\/a><br \/>\nNum\u00e9ro de TVA intracommunautaire : FR 84879907103<\/p>\n<h2>2 &#8211; H\u00e9bergement<\/h2>\n<p>Le prestataire assurant l\u2019h\u00e9bergement du site est la soci\u00e9t\u00e9 OVH situ\u00e9e au 2 rue Kellermann, 59100 ROUBAIX<\/p>\n<h2>3 &#8211; Cr\u00e9dits<\/h2>\n<p>Le site a \u00e9t\u00e9 con\u00e7u et d\u00e9velopp\u00e9 par <a href=\"https:\/\/www.cartonrouge.fr\/\" target=\"_blank\" rel=\"noopener\">Carton Rouge<\/a>.<br \/>\nEn application de la r\u00e8glementation destin\u00e9e \u00e0 prot\u00e9ger les investisseurs, les conseillers en investissements financiers, les interm\u00e9diaires en assurance et les interm\u00e9diaires en op\u00e9rations de banque et en services de paiement sont dans l\u2019obligation de remettre \u00e0 leur client\u00e8le, avant la formulation d\u2019un contrat, un document d\u2019entr\u00e9e en relation conforme aux articles 325-5 du R\u00e8glement g\u00e9n\u00e9ral de l\u2019AMF, R520-1 du Code des assurances et R519-20 du Code Mon\u00e9taire et Financier.<\/p>\n<p>Cr\u00e9dits photo : <a href=\"https:\/\/unsplash.com\/license\" target=\"_blank\" rel=\"noopener\">Unsplash<\/a><\/p>\n<h2>4 &#8211; Statuts r\u00e8glement\u00e9s de la soci\u00e9t\u00e9 Kermony-Capital<\/h2>\n<p>Soci\u00e9t\u00e9 immatricul\u00e9e sur le registre unique des interm\u00e9diaires en assurance, banque et finance (www.orias.fr) sous le num\u00e9ro 09052950 en qualit\u00e9 de :<\/p>\n<ul>\n<li>Conseiller en investissements financiers (CIF), adh\u00e9rent de la Chambre Nationale des Conseils en Gestion de Patrimoine, association agr\u00e9\u00e9e par l\u2019Autorit\u00e9 des March\u00e9s Financiers (17 place de la Bourse 75082 Paris Cedex 02 \u2013 www.amf-france.org),<\/li>\n<li>Courtier d\u2019assurance ou de r\u00e9assurance (COA), fournissant un service de recommandation personnalis\u00e9, positionn\u00e9 dans la cat\u00e9gorie \u00ab b \u00bb selon l\u2019article L.520-1 II 1\u00b0, non soumis \u00e0 une obligation contractuelle de travailler exclusivement avec une ou plusieurs entreprises d\u2019assurance ou de capitalisation et travaillant avec un nombre restreint de fournisseurs, contr\u00f4lable par l\u2019Autorit\u00e9 de Contr\u00f4le Prudentiel et de R\u00e9solution (\u00ab ACPR \u00bb), 4, Place de Budapest CS 92459 75436 PARIS Cedex 9 \u2013 https:\/\/acpr.banque-france.fr (cf. article L. 612-2, II, 1\u00b0 du Code Mon\u00e9taire et Financier),<\/li>\n<li>Courtier en op\u00e9rations de banque et en services de paiement (COBSP),<\/li>\n<li>Mandataire d\u2019interm\u00e9diaire en op\u00e9rations de banque et en services de paiement (MIOBSP),<\/li>\n<li>Mandataire non exclusif en op\u00e9rations de banques et en services de paiement (MOBSP).<\/li>\n<\/ul>\n<p>Enregistr\u00e9 au fichier des D\u00e9marcheurs bancaires et financiers sous le num\u00e9ro 1121527680 YL.<\/p>\n<ul>\n<li>Titulaire de la carte professionnelle de transaction sur immeubles et fonds de commerce n\u00b0 CPI 7501 2017 000 016 834 d\u00e9livr\u00e9e par la CCI de Paris \u00cele-de-France<\/li>\n<\/ul>\n<p>Assurance RCP et Garantie financi\u00e8re, n\u00b0 112.786.342 Adh\u00e9rent N\u00b0228922 aupr\u00e8s des Assurances Mutuelles \/ MMA IARD, 14 boulevard Marie et Alexandre Oyon 72030 Le Mans Cedex 9.<br \/>\nNE PEUT RECEVOIR AUCUN FONDS, EFFET OU VALEUR<br \/>\nNotre prestation de conseil en investissement financier est rendue de mani\u00e8re non ind\u00e9pendante au sens de la r\u00e8glementation et repose sur une analyse large des diff\u00e9rents types d\u2019instruments financiers. Conform\u00e9ment \u00e0 la r\u00e8glementation applicable, Kermony Capital peut percevoir des r\u00e9mun\u00e9rations, commissions ou avantages mon\u00e9taires ou non mon\u00e9taires en rapport avec la fourniture de la prestation de conseil en investissements financiers, vers\u00e9s ou fournis par un tiers ou par une personne agissant pour le compte d\u2019un tiers, sous r\u00e9serve du respect des r\u00e8gles sur les avantages et r\u00e9mun\u00e9rations imposant (i) l\u2019information du client, (ii), l\u2019obligation d\u2019am\u00e9lioration du service et (iii) le respect de l\u2019obligation d\u2019agir au mieux des int\u00e9r\u00eats du client. De ce fait, le service de conseil en investissement est consid\u00e9r\u00e9 comme non-ind\u00e9pendant au sens de la r\u00e8glementation.<br \/>\nKermony Capital n\u2019entretient aucune relation significative de nature capitalistique ou commerciale avec les \u00e9tablissements promoteurs de produits mentionn\u00e9s au 1\u00b0 de l\u2019article L. 341-3 du code mon\u00e9taire et financier (notamment \u00e9tablissements de cr\u00e9dit, \u00e9tablissements de paiement, entreprises d\u2019assurance et soci\u00e9t\u00e9s de gestion d\u2019organismes de placement collectif).<\/p>\n<h3>4.1 &#8211; \u00c9tablissements promoteurs des produits mentionn\u00e9s au 1\u00b0 de l\u2019article L341-3 du Code mon\u00e9taire et financier ou autres fournisseurs avec lesquels Kermony Capital entretient une relation de nature commerciale (listes susceptibles d\u2019\u00e9volution):<\/h3>\n<p>Organismes d&#8217;assurance : AXA THEMA, CARDIF, GENERALI, GENERALI PATRIMOINE, LOMBARD INTERNATIONAL, INTENCIAL, ORADEA VIE, SURAVENIR, SWISS LIFE, WEALINS<br \/>\nOrganismes d&#8217;assurance avec lesquels il existe un lien capitalistique : N\u00e9ant<br \/>\nEtablissements de cr\u00e9dit ou de paiement, distributeurs et\/ou \u00e9metteurs de produits bancaires ou financiers, et Prestataires de services d\u2019investissement (hors soci\u00e9t\u00e9s de gestion) : AXA BANQUE, BNP PARIBAS, EFG LUXEMBOURG, SOCIETE GENERALE<br \/>\nEtablissements de cr\u00e9dit ou de paiement repr\u00e9sentant plus de 33 % du chiffre d\u2019affaires en interm\u00e9diation en N -1 : N\u00e9ant<br \/>\nParticipation, directe ou indirecte, \u00e9gale ou sup\u00e9rieure \u00e0 10 % des droits de vote ou du capital de Kermony Capital d\u00e9tenue par un \u00e9tablissement de cr\u00e9dit ou de paiement : N\u00e9ant<br \/>\nParticipation, directe ou indirecte, \u00e9gale ou sup\u00e9rieure \u00e0 10 % des droits de vote ou du capital d\u2019un \u00e9tablissement de cr\u00e9dit ou de paiement d\u00e9tenue par Kermony Capital: N\u00e9ant<br \/>\n\u00c9tablissements promoteurs de produits avec lesquels il existe un lien capitalistique significatif : KERMONY CAPITAL (soci\u00e9t\u00e9-s\u0153ur)<\/p>\n<h2>5 &#8211; R\u00e9mun\u00e9rations, commissions ou avantages non mon\u00e9taires :<\/h2>\n<p>Le conseil en strat\u00e9gie patrimoniale est r\u00e9mun\u00e9r\u00e9 sous forme d\u2019honoraires, une lettre de mission vous est adress\u00e9e en amont des prestations pr\u00e9cisant les modalit\u00e9s de r\u00e9alisation de ces prestations ainsi que le montant des honoraires.<br \/>\nLe conseil en assurance et en immobilier est r\u00e9mun\u00e9r\u00e9 au moyen d&#8217;une fraction des frais relatifs aux interventions r\u00e9alis\u00e9es dans ce cadre, acquitt\u00e9e, directement ou indirectement, par les promoteurs des produits ou services (assureurs, soci\u00e9t\u00e9s de gestion, promoteurs immobiliers\u2026).<br \/>\nLe conseil et suivi des investissements financiers est r\u00e9mun\u00e9r\u00e9 sous la forme d\u2019honoraires annuels sur la base de notre tarification en fonction des encours indiqu\u00e9e dans notre lettre de mission. Dans le cadre de prestations d\u2019interm\u00e9diation sur des produits financiers, Kermony Capital pourra recevoir des commissions sous la forme d\u2019une r\u00e9trocession des commissions pr\u00e9lev\u00e9es par les \u00e9tablissements promoteurs de produits et\/ou services li\u00e9s aux investissements. Toute commission per\u00e7ue sur la p\u00e9riode consid\u00e9r\u00e9e sur les placements confi\u00e9s est alors imput\u00e9e sur la r\u00e9mun\u00e9ration annuelle.<br \/>\nBar\u00e8me d\u2019honoraires immobilier : \u00e0 compl\u00e9ter<\/p>\n<h2>6 &#8211; Le traitement des r\u00e9clamations<\/h2>\n<p>En cas de litige ou r\u00e9clamation, Kermony Capital s\u2019engage \u00e0 rechercher en premier lieu un arrangement amiable.<br \/>\nVous pourrez pr\u00e9senter votre r\u00e9clamation \u00e0 l\u2019adresse de Kermony Capital, qui disposera de dix (10) jours pour en accuser r\u00e9ception, puis de deux (2) mois \u00e0 compter de la r\u00e9ception de la r\u00e9clamation pour y r\u00e9pondre.<br \/>\nA d\u00e9faut d\u2019arrangement amiable, le m\u00e9diateur public pourra \u00eatre inform\u00e9 : Autorit\u00e9 des March\u00e9s Financiers Madame Marielle COHEN-BRANCHE, 17 place de la Bourse 75082 Paris Cedex 02 (www.amf-france.org\/lemediateur).<br \/>\nEn cas d\u2019\u00e9chec, le litige pourrait \u00eatre port\u00e9 devant les tribunaux comp\u00e9tents.<\/p>\n<h2>7 &#8211; Autorit\u00e9s de tutelle<\/h2>\n<p>Au titre de l\u2019activit\u00e9 de conseil en investissement financier : l\u2019AMF \u2013 L\u2019Autorit\u00e9 des March\u00e9s Financiers \u2013 17 place de la Bourse 75082 PARIS Cedex 02.<br \/>\nAu titre de l\u2019activit\u00e9 d\u2019interm\u00e9diaire en assurance et d\u2019interm\u00e9diaire en op\u00e9rations de banque et service de paiement : ACPR \u2013 Autorit\u00e9 de contr\u00f4le et de R\u00e9solution \u2013 4 place de Budapest CS 92459 75436 Paris cedex 09.<\/p>\n<h2>8 &#8211; Clause de confidentialit\u00e9<\/h2>\n<p>En application de l\u2019article 325-4 du R\u00e8glement g\u00e9n\u00e9ral de l\u2019AMF, Kermony Capital s\u2019abstient, sauf accord expr\u00e8s de votre part, de communiquer et d\u2019exploiter, en dehors de sa mission, les informations concernant ses clients. Cette disposition ne pourra \u00eatre oppos\u00e9e \u00e0 la Chambre nationale des Conseils en Gestion de Patrimoine ni aux Autorit\u00e9s de tutelle dans le cadre de leurs missions de contr\u00f4le.<\/p>\n<h2>9 &#8211; Protection des donn\u00e9es personnelles<\/h2>\n<p>Dans le cadre de nos relations professionnelles, nous sommes amen\u00e9s \u00e0 collecter, traiter et d\u00e9tenir des informations vous concernant.<br \/>\nLes donn\u00e9es personnelles que vous nous transmettez dans le cadre de notre activit\u00e9 de Conseil en Gestion de Patrimoine et des services que nous vous proposons sont collect\u00e9es et trait\u00e9es par Anna Gozlan en qualit\u00e9 de responsable de traitement au sens des dispositions du R\u00e8glement G\u00e9n\u00e9ral sur la protection des donn\u00e9es personnelles (RGPD).<br \/>\nCes donn\u00e9es personnelles sont collect\u00e9es, selon le cas, sur des bases l\u00e9gales diff\u00e9rentes (votre consentement, la n\u00e9cessit\u00e9 contractuelle, le respect d\u2019une obligation l\u00e9gale et\/ou encore l\u2019int\u00e9r\u00eat l\u00e9gitime du Responsable de traitement).<br \/>\nConcernant vos proches, nous vous remercions de les tenir inform\u00e9s des modalit\u00e9s du pr\u00e9sent traitement de leurs donn\u00e9es personnelles.<br \/>\nLes donn\u00e9es collect\u00e9es vous concernant vous et vos proches seront conserv\u00e9es pendant toute la dur\u00e9e de nos relations contractuelles et ensuite en archive pendant un d\u00e9lai de cinq (5) ans, \u00e0 d\u00e9faut des d\u00e9lais plus courts ou plus longs sp\u00e9cialement pr\u00e9vus notamment en cas de litige.<br \/>\nVous disposez sur ces donn\u00e9es d\u2019un droit d&#8217;acc\u00e8s, de rectification, et limitation, ainsi que d\u2019un droit d\u2019opposition et de portabilit\u00e9 conform\u00e9ment \u00e0 la loi. Si vous souhaitez exercer ces droits, vous pouvez nous contacter au contact@kermony-capital.com<br \/>\nVous disposez \u00e9galement du droit d&#8217;introduire une r\u00e9clamation aupr\u00e8s de la CNIL.<\/p>\n<h2>10 &#8211; Propri\u00e9t\u00e9 intellectuelle<\/h2>\n<p>Le Site internet, sa structure g\u00e9n\u00e9rale, ainsi que les textes, images anim\u00e9es ou non, savoir-faire, dessins, graphismes et tout autre \u00e9l\u00e9ment composant le Site sont la propri\u00e9t\u00e9 soit de la soci\u00e9t\u00e9 Kermony Capital, soit de prestataires qui auront autoris\u00e9 la soci\u00e9t\u00e9 Kermony Capital \u00e0 produire leurs donn\u00e9es, soit de l\u2019achat d\u2019art dont l\u2019agence s\u2019est acquitt\u00e9e. Tous les \u00e9l\u00e9ments du site et notamment les programmes, textes, illustrations, sons, images et vid\u00e9os fixes ou anim\u00e9es reproduits sur ledit site ainsi que les marques et logos pr\u00e9sents sur le site sont prot\u00e9g\u00e9s par le droit de la propri\u00e9t\u00e9 intellectuelle, et ce dans le monde entier.<br \/>\nA ce titre et conform\u00e9ment aux dispositions du Code de la Propri\u00e9t\u00e9 intellectuelle, toute utilisation ou reproduction totale ou partielle du site ou de ses \u00e9l\u00e9ments est strictement interdite sans l\u2019autorisation pr\u00e9alable de la part de la soci\u00e9t\u00e9 Kermony Capital.<\/p>\n<h2>11 &#8211; Gestion des cookies<\/h2>\n<h2>12 &#8211; Liens externes<\/h2>\n<p>Le Site peut contenir des liens hypertexte allant vers d\u2019autres sites Internet. La soci\u00e9t\u00e9 Kermony Capital ne prend aucun engagement concernant tout autre site Internet auquel vous pourriez avoir acc\u00e8s via le Site et n\u2019est en aucune fa\u00e7on responsable du contenu, du fonctionnement et de l\u2019acc\u00e8s \u00e0 ces sites.<\/p>\n","protected":false},"excerpt":{"rendered":"<p>1 &#8211; Propri\u00e9t\u00e9 et responsabilit\u00e9 \u00e9ditoriale Le pr\u00e9sent Site est la propri\u00e9t\u00e9 de la soci\u00e9t\u00e9 KERMONY CAPITAL, SAS au capital de 15 000 \u20ac, inscrite au registre du commerce et des soci\u00e9t\u00e9s de Paris sous le num\u00e9ro 879\u00a0907\u00a0103. Si\u00e8ge social : 24 avenue Bugeaud 75116 PARIS \u2013 Tel : 01 46 22 55 55. Responsable [&hellip;]<\/p>\n","protected":false},"author":1,"featured_media":0,"parent":0,"menu_order":0,"comment_status":"closed","ping_status":"closed","template":"","meta":{"_acf_changed":false,"footnotes":""},"class_list":["post-929","page","type-page","status-publish","hentry"],"acf":[],"yoast_head":"<!-- This site is optimized with the Yoast SEO plugin v27.3 - https:\/\/yoast.com\/product\/yoast-seo-wordpress\/ -->\n<title>Legal mentions - Kermony Capital<\/title>\n<meta name=\"robots\" content=\"index, follow, max-snippet:-1, max-image-preview:large, max-video-preview:-1\" \/>\n<link rel=\"canonical\" href=\"https:\/\/kermony-capital.com\/en\/legal-mentions\/\" \/>\n<meta property=\"og:locale\" content=\"en_US\" \/>\n<meta property=\"og:type\" content=\"article\" \/>\n<meta property=\"og:title\" content=\"Legal mentions - Kermony Capital\" \/>\n<meta property=\"og:description\" content=\"1 &#8211; Propri\u00e9t\u00e9 et responsabilit\u00e9 \u00e9ditoriale Le pr\u00e9sent Site est la propri\u00e9t\u00e9 de la soci\u00e9t\u00e9 KERMONY CAPITAL, SAS au capital de 15 000 \u20ac, inscrite au registre du commerce et des soci\u00e9t\u00e9s de Paris sous le num\u00e9ro 879\u00a0907\u00a0103. Si\u00e8ge social : 24 avenue Bugeaud 75116 PARIS \u2013 Tel : 01 46 22 55 55. Responsable [&hellip;]\" \/>\n<meta property=\"og:url\" content=\"https:\/\/kermony-capital.com\/en\/legal-mentions\/\" \/>\n<meta property=\"og:site_name\" content=\"Kermony Capital\" \/>\n<meta property=\"article:modified_time\" content=\"2021-04-23T13:17:39+00:00\" \/>\n<meta name=\"twitter:card\" content=\"summary_large_image\" \/>\n<meta name=\"twitter:label1\" content=\"Est. reading time\" \/>\n\t<meta name=\"twitter:data1\" content=\"8 minutes\" \/>\n<script type=\"application\/ld+json\" class=\"yoast-schema-graph\">{\"@context\":\"https:\\\/\\\/schema.org\",\"@graph\":[{\"@type\":\"WebPage\",\"@id\":\"https:\\\/\\\/kermony-capital.com\\\/en\\\/legal-mentions\\\/\",\"url\":\"https:\\\/\\\/kermony-capital.com\\\/en\\\/legal-mentions\\\/\",\"name\":\"Legal mentions - Kermony Capital\",\"isPartOf\":{\"@id\":\"https:\\\/\\\/kermony-capital.com\\\/#website\"},\"datePublished\":\"2021-02-22T14:03:27+00:00\",\"dateModified\":\"2021-04-23T13:17:39+00:00\",\"breadcrumb\":{\"@id\":\"https:\\\/\\\/kermony-capital.com\\\/en\\\/legal-mentions\\\/#breadcrumb\"},\"inLanguage\":\"en-US\",\"potentialAction\":[{\"@type\":\"ReadAction\",\"target\":[\"https:\\\/\\\/kermony-capital.com\\\/en\\\/legal-mentions\\\/\"]}]},{\"@type\":\"BreadcrumbList\",\"@id\":\"https:\\\/\\\/kermony-capital.com\\\/en\\\/legal-mentions\\\/#breadcrumb\",\"itemListElement\":[{\"@type\":\"ListItem\",\"position\":1,\"name\":\"Accueil\",\"item\":\"https:\\\/\\\/kermony-capital.com\\\/en\\\/\"},{\"@type\":\"ListItem\",\"position\":2,\"name\":\"Legal mentions\"}]},{\"@type\":\"WebSite\",\"@id\":\"https:\\\/\\\/kermony-capital.com\\\/#website\",\"url\":\"https:\\\/\\\/kermony-capital.com\\\/\",\"name\":\"Kermony Capital\",\"description\":\"\",\"potentialAction\":[{\"@type\":\"SearchAction\",\"target\":{\"@type\":\"EntryPoint\",\"urlTemplate\":\"https:\\\/\\\/kermony-capital.com\\\/?s={search_term_string}\"},\"query-input\":{\"@type\":\"PropertyValueSpecification\",\"valueRequired\":true,\"valueName\":\"search_term_string\"}}],\"inLanguage\":\"en-US\"}]}<\/script>\n<!-- \/ Yoast SEO plugin. -->","yoast_head_json":{"title":"Legal mentions - Kermony Capital","robots":{"index":"index","follow":"follow","max-snippet":"max-snippet:-1","max-image-preview":"max-image-preview:large","max-video-preview":"max-video-preview:-1"},"canonical":"https:\/\/kermony-capital.com\/en\/legal-mentions\/","og_locale":"en_US","og_type":"article","og_title":"Legal mentions - Kermony Capital","og_description":"1 &#8211; Propri\u00e9t\u00e9 et responsabilit\u00e9 \u00e9ditoriale Le pr\u00e9sent Site est la propri\u00e9t\u00e9 de la soci\u00e9t\u00e9 KERMONY CAPITAL, SAS au capital de 15 000 \u20ac, inscrite au registre du commerce et des soci\u00e9t\u00e9s de Paris sous le num\u00e9ro 879\u00a0907\u00a0103. Si\u00e8ge social : 24 avenue Bugeaud 75116 PARIS \u2013 Tel : 01 46 22 55 55. Responsable [&hellip;]","og_url":"https:\/\/kermony-capital.com\/en\/legal-mentions\/","og_site_name":"Kermony Capital","article_modified_time":"2021-04-23T13:17:39+00:00","twitter_card":"summary_large_image","twitter_misc":{"Est. reading time":"8 minutes"},"schema":{"@context":"https:\/\/schema.org","@graph":[{"@type":"WebPage","@id":"https:\/\/kermony-capital.com\/en\/legal-mentions\/","url":"https:\/\/kermony-capital.com\/en\/legal-mentions\/","name":"Legal mentions - Kermony Capital","isPartOf":{"@id":"https:\/\/kermony-capital.com\/#website"},"datePublished":"2021-02-22T14:03:27+00:00","dateModified":"2021-04-23T13:17:39+00:00","breadcrumb":{"@id":"https:\/\/kermony-capital.com\/en\/legal-mentions\/#breadcrumb"},"inLanguage":"en-US","potentialAction":[{"@type":"ReadAction","target":["https:\/\/kermony-capital.com\/en\/legal-mentions\/"]}]},{"@type":"BreadcrumbList","@id":"https:\/\/kermony-capital.com\/en\/legal-mentions\/#breadcrumb","itemListElement":[{"@type":"ListItem","position":1,"name":"Accueil","item":"https:\/\/kermony-capital.com\/en\/"},{"@type":"ListItem","position":2,"name":"Legal mentions"}]},{"@type":"WebSite","@id":"https:\/\/kermony-capital.com\/#website","url":"https:\/\/kermony-capital.com\/","name":"Kermony Capital","description":"","potentialAction":[{"@type":"SearchAction","target":{"@type":"EntryPoint","urlTemplate":"https:\/\/kermony-capital.com\/?s={search_term_string}"},"query-input":{"@type":"PropertyValueSpecification","valueRequired":true,"valueName":"search_term_string"}}],"inLanguage":"en-US"}]}},"_links":{"self":[{"href":"https:\/\/kermony-capital.com\/en\/wp-json\/wp\/v2\/pages\/929","targetHints":{"allow":["GET"]}}],"collection":[{"href":"https:\/\/kermony-capital.com\/en\/wp-json\/wp\/v2\/pages"}],"about":[{"href":"https:\/\/kermony-capital.com\/en\/wp-json\/wp\/v2\/types\/page"}],"author":[{"embeddable":true,"href":"https:\/\/kermony-capital.com\/en\/wp-json\/wp\/v2\/users\/1"}],"replies":[{"embeddable":true,"href":"https:\/\/kermony-capital.com\/en\/wp-json\/wp\/v2\/comments?post=929"}],"version-history":[{"count":2,"href":"https:\/\/kermony-capital.com\/en\/wp-json\/wp\/v2\/pages\/929\/revisions"}],"predecessor-version":[{"id":942,"href":"https:\/\/kermony-capital.com\/en\/wp-json\/wp\/v2\/pages\/929\/revisions\/942"}],"wp:attachment":[{"href":"https:\/\/kermony-capital.com\/en\/wp-json\/wp\/v2\/media?parent=929"}],"curies":[{"name":"wp","href":"https:\/\/api.w.org\/{rel}","templated":true}]}}